{"id":28,"date":"2012-05-22T20:43:52","date_gmt":"2012-05-23T00:43:52","guid":{"rendered":"http:\/\/aliquando.id-3.net\/?page_id=28"},"modified":"2021-06-10T15:39:40","modified_gmt":"2021-06-10T19:39:40","slug":"proprietes","status":"publish","type":"page","link":"https:\/\/audreycyr.com\/en\/proprietes\/","title":{"rendered":"Properties"},"content":{"rendered":"<p><\/p>\n<p><\/p>","protected":false},"excerpt":{"rendered":"","protected":false},"author":121,"featured_media":0,"parent":0,"menu_order":10,"comment_status":"open","ping_status":"closed","template":"t_listings.php","meta":{"_acf_changed":false,"footnotes":""},"class_list":["post-28","page","type-page","status-publish","hentry"],"acf":[],"yoast_head":"<!-- This site is optimized with the Yoast SEO plugin v26.7 - https:\/\/yoast.com\/wordpress\/plugins\/seo\/ -->\n<title>Properties - Audrey Cyr - RE\/MAX Qu\u00e9bec<\/title>\n<meta name=\"description\" content=\"Properties for sale in Montreal: Ville-Marie, Vieux-Montr\u00e9al, Griffontown, Plateau Mont-Royal, Rosemont et Villeray  Are you looking for a porperty for sale in Montr\u00e9al: Ville-Marie, Vieux-Montr\u00e9al, Griffontown, Plateau Mont-Royal, Rosemont et Villeray? Discover the properties offered by Audrey Cyr et Diane Sabourin, Remax l&#039;Espace Affaires real estate brokers. For information, call : 514-212-6416.\" \/>\n<meta name=\"robots\" content=\"index, follow, max-snippet:-1, max-image-preview:large, max-video-preview:-1\" \/>\n<link rel=\"canonical\" href=\"https:\/\/audreycyr.com\/en\/proprietes\/\" \/>\n<meta property=\"og:locale\" content=\"en_US\" \/>\n<meta property=\"og:type\" content=\"article\" \/>\n<meta property=\"og:title\" content=\"Properties - Audrey Cyr - RE\/MAX Qu\u00e9bec\" \/>\n<meta property=\"og:description\" content=\"Properties for sale in Montreal: Ville-Marie, Vieux-Montr\u00e9al, Griffontown, Plateau Mont-Royal, Rosemont et Villeray  Are you looking for a porperty for sale in Montr\u00e9al: Ville-Marie, Vieux-Montr\u00e9al, Griffontown, Plateau Mont-Royal, Rosemont et Villeray? Discover the properties offered by Audrey Cyr et Diane Sabourin, Remax l&#039;Espace Affaires real estate brokers. For information, call : 514-212-6416.\" \/>\n<meta property=\"og:url\" content=\"https:\/\/audreycyr.com\/en\/proprietes\/\" \/>\n<meta property=\"og:site_name\" content=\"Audrey Cyr - RE\/MAX Qu\u00e9bec\" \/>\n<meta property=\"article:publisher\" content=\"https:\/\/www.facebook.com\/audreycyrdianesabourin\/\" \/>\n<meta property=\"article:modified_time\" content=\"2021-06-10T19:39:40+00:00\" \/>\n<meta name=\"twitter:card\" content=\"summary_large_image\" \/>\n<script type=\"application\/ld+json\" class=\"yoast-schema-graph\">{\"@context\":\"https:\/\/schema.org\",\"@graph\":[{\"@type\":\"WebPage\",\"@id\":\"https:\/\/audreycyr.com\/en\/proprietes\/\",\"url\":\"https:\/\/audreycyr.com\/en\/proprietes\/\",\"name\":\"[:fr]Propri\u00e9t\u00e9s[:en]Properties[:] - Audrey Cyr - RE\/MAX Qu\u00e9bec\",\"isPartOf\":{\"@id\":\"https:\/\/audreycyr.com\/en\/#website\"},\"datePublished\":\"2012-05-23T00:43:52+00:00\",\"dateModified\":\"2021-06-10T19:39:40+00:00\",\"description\":\"Properties for sale in Montreal: Ville-Marie, Vieux-Montr\u00e9al, Griffontown, Plateau Mont-Royal, Rosemont et Villeray Are you looking for a porperty for sale in Montr\u00e9al: Ville-Marie, Vieux-Montr\u00e9al, Griffontown, Plateau Mont-Royal, Rosemont et Villeray? Discover the properties offered by Audrey Cyr et Diane Sabourin, Remax l'Espace Affaires real estate brokers. For information, call : 514-212-6416.\",\"breadcrumb\":{\"@id\":\"https:\/\/audreycyr.com\/en\/proprietes\/#breadcrumb\"},\"inLanguage\":\"en-US\",\"potentialAction\":[{\"@type\":\"ReadAction\",\"target\":[\"https:\/\/audreycyr.com\/en\/proprietes\/\"]}]},{\"@type\":\"BreadcrumbList\",\"@id\":\"https:\/\/audreycyr.com\/en\/proprietes\/#breadcrumb\",\"itemListElement\":[{\"@type\":\"ListItem\",\"position\":1,\"name\":\"Accueil\",\"item\":\"https:\/\/audreycyr.com\/en\/\"},{\"@type\":\"ListItem\",\"position\":2,\"name\":\"Properties\"}]},{\"@type\":\"WebSite\",\"@id\":\"https:\/\/audreycyr.com\/en\/#website\",\"url\":\"https:\/\/audreycyr.com\/en\/\",\"name\":\"Audrey Cyr - RE\/MAX Qu\u00e9bec\",\"description\":\"Real Estate Brokers\",\"potentialAction\":[{\"@type\":\"SearchAction\",\"target\":{\"@type\":\"EntryPoint\",\"urlTemplate\":\"https:\/\/audreycyr.com\/en\/?s={search_term_string}\"},\"query-input\":{\"@type\":\"PropertyValueSpecification\",\"valueRequired\":true,\"valueName\":\"search_term_string\"}}],\"inLanguage\":\"en-US\"}]}<\/script>\n<!-- \/ Yoast SEO plugin. -->","yoast_head_json":{"title":"Properties - Audrey Cyr - RE\/MAX Qu\u00e9bec","description":"Properties for sale in Montreal: Ville-Marie, Vieux-Montr\u00e9al, Griffontown, Plateau Mont-Royal, Rosemont et Villeray  Are you looking for a porperty for sale in Montr\u00e9al: Ville-Marie, Vieux-Montr\u00e9al, Griffontown, Plateau Mont-Royal, Rosemont et Villeray? Discover the properties offered by Audrey Cyr et Diane Sabourin, Remax l'Espace Affaires real estate brokers. For information, call : 514-212-6416.","robots":{"index":"index","follow":"follow","max-snippet":"max-snippet:-1","max-image-preview":"max-image-preview:large","max-video-preview":"max-video-preview:-1"},"canonical":"https:\/\/audreycyr.com\/en\/proprietes\/","og_locale":"en_US","og_type":"article","og_title":"Properties - Audrey Cyr - RE\/MAX Qu\u00e9bec","og_description":"Properties for sale in Montreal: Ville-Marie, Vieux-Montr\u00e9al, Griffontown, Plateau Mont-Royal, Rosemont et Villeray  Are you looking for a porperty for sale in Montr\u00e9al: Ville-Marie, Vieux-Montr\u00e9al, Griffontown, Plateau Mont-Royal, Rosemont et Villeray? Discover the properties offered by Audrey Cyr et Diane Sabourin, Remax l'Espace Affaires real estate brokers. For information, call : 514-212-6416.","og_url":"https:\/\/audreycyr.com\/en\/proprietes\/","og_site_name":"Audrey Cyr - RE\/MAX Qu\u00e9bec","article_publisher":"https:\/\/www.facebook.com\/audreycyrdianesabourin\/","article_modified_time":"2021-06-10T19:39:40+00:00","twitter_card":"summary_large_image","schema":{"@context":"https:\/\/schema.org","@graph":[{"@type":"WebPage","@id":"https:\/\/audreycyr.com\/en\/proprietes\/","url":"https:\/\/audreycyr.com\/en\/proprietes\/","name":"[:fr]Propri\u00e9t\u00e9s[:en]Properties[:] - Audrey Cyr - RE\/MAX Qu\u00e9bec","isPartOf":{"@id":"https:\/\/audreycyr.com\/en\/#website"},"datePublished":"2012-05-23T00:43:52+00:00","dateModified":"2021-06-10T19:39:40+00:00","description":"Properties for sale in Montreal: Ville-Marie, Vieux-Montr\u00e9al, Griffontown, Plateau Mont-Royal, Rosemont et Villeray Are you looking for a porperty for sale in Montr\u00e9al: Ville-Marie, Vieux-Montr\u00e9al, Griffontown, Plateau Mont-Royal, Rosemont et Villeray? Discover the properties offered by Audrey Cyr et Diane Sabourin, Remax l'Espace Affaires real estate brokers. For information, call : 514-212-6416.","breadcrumb":{"@id":"https:\/\/audreycyr.com\/en\/proprietes\/#breadcrumb"},"inLanguage":"en-US","potentialAction":[{"@type":"ReadAction","target":["https:\/\/audreycyr.com\/en\/proprietes\/"]}]},{"@type":"BreadcrumbList","@id":"https:\/\/audreycyr.com\/en\/proprietes\/#breadcrumb","itemListElement":[{"@type":"ListItem","position":1,"name":"Accueil","item":"https:\/\/audreycyr.com\/en\/"},{"@type":"ListItem","position":2,"name":"Properties"}]},{"@type":"WebSite","@id":"https:\/\/audreycyr.com\/en\/#website","url":"https:\/\/audreycyr.com\/en\/","name":"Audrey Cyr - RE\/MAX Qu\u00e9bec","description":"Real Estate Brokers","potentialAction":[{"@type":"SearchAction","target":{"@type":"EntryPoint","urlTemplate":"https:\/\/audreycyr.com\/en\/?s={search_term_string}"},"query-input":{"@type":"PropertyValueSpecification","valueRequired":true,"valueName":"search_term_string"}}],"inLanguage":"en-US"}]}},"_links":{"self":[{"href":"https:\/\/audreycyr.com\/en\/wp-json\/wp\/v2\/pages\/28","targetHints":{"allow":["GET"]}}],"collection":[{"href":"https:\/\/audreycyr.com\/en\/wp-json\/wp\/v2\/pages"}],"about":[{"href":"https:\/\/audreycyr.com\/en\/wp-json\/wp\/v2\/types\/page"}],"author":[{"embeddable":true,"href":"https:\/\/audreycyr.com\/en\/wp-json\/wp\/v2\/users\/121"}],"replies":[{"embeddable":true,"href":"https:\/\/audreycyr.com\/en\/wp-json\/wp\/v2\/comments?post=28"}],"version-history":[{"count":1,"href":"https:\/\/audreycyr.com\/en\/wp-json\/wp\/v2\/pages\/28\/revisions"}],"predecessor-version":[{"id":2046,"href":"https:\/\/audreycyr.com\/en\/wp-json\/wp\/v2\/pages\/28\/revisions\/2046"}],"wp:attachment":[{"href":"https:\/\/audreycyr.com\/en\/wp-json\/wp\/v2\/media?parent=28"}],"curies":[{"name":"wp","href":"https:\/\/api.w.org\/{rel}","templated":true}]}}