{"id":34,"date":"2012-05-22T20:45:12","date_gmt":"2012-05-22T20:45:12","guid":{"rendered":"http:\/\/aliquando.id-3.net\/?page_id=34"},"modified":"2019-11-06T13:52:25","modified_gmt":"2019-11-06T18:52:25","slug":"me-contacter","status":"publish","type":"page","link":"https:\/\/audreycyr.com\/en\/me-contacter\/","title":{"rendered":"Contact"},"content":{"rendered":"<p>&nbsp;<\/p>\n<p><\/p>","protected":false},"excerpt":{"rendered":"<p>&nbsp;<\/p>\n","protected":false},"author":1,"featured_media":0,"parent":0,"menu_order":50,"comment_status":"open","ping_status":"closed","template":"t_contact.php","meta":{"_acf_changed":false,"footnotes":""},"class_list":["post-34","page","type-page","status-publish","hentry"],"acf":[],"yoast_head":"<!-- This site is optimized with the Yoast SEO plugin v26.7 - https:\/\/yoast.com\/wordpress\/plugins\/seo\/ -->\n<title>Contact - Audrey Cyr - RE\/MAX Qu\u00e9bec<\/title>\n<meta name=\"description\" content=\"Courtier immobilier Montr\u00e9al: Ville-Marie, Vieux-Montr\u00e9al, Griffontown, Plateau Mont-Royal, Rosemont et Villeray | Audrey Cyr et Diane Sabourin Pour joindre Audrey Cyr et Diane Sabourin au bureau, voici leurs coordonn\u00e9es : 236 Rue Saint-Jacques, Montr\u00e9al H2Y 1L9 T\u00e9l\u00e9phone : 514-212-6416.\" \/>\n<meta name=\"robots\" content=\"index, follow, max-snippet:-1, max-image-preview:large, max-video-preview:-1\" \/>\n<link rel=\"canonical\" href=\"https:\/\/audreycyr.com\/me-contacter\/\" \/>\n<meta property=\"og:locale\" content=\"en_US\" \/>\n<meta property=\"og:type\" content=\"article\" \/>\n<meta property=\"og:title\" content=\"Contact - Audrey Cyr - RE\/MAX Qu\u00e9bec\" \/>\n<meta property=\"og:description\" content=\"Courtier immobilier Montr\u00e9al: Ville-Marie, Vieux-Montr\u00e9al, Griffontown, Plateau Mont-Royal, Rosemont et Villeray | Audrey Cyr et Diane Sabourin Pour joindre Audrey Cyr et Diane Sabourin au bureau, voici leurs coordonn\u00e9es : 236 Rue Saint-Jacques, Montr\u00e9al H2Y 1L9 T\u00e9l\u00e9phone : 514-212-6416.\" \/>\n<meta property=\"og:url\" content=\"https:\/\/audreycyr.com\/me-contacter\/\" \/>\n<meta property=\"og:site_name\" content=\"Audrey Cyr - RE\/MAX Qu\u00e9bec\" \/>\n<meta property=\"article:publisher\" content=\"https:\/\/www.facebook.com\/audreycyrdianesabourin\/\" \/>\n<meta property=\"article:modified_time\" content=\"2019-11-06T18:52:25+00:00\" \/>\n<meta name=\"twitter:card\" content=\"summary_large_image\" \/>\n<script type=\"application\/ld+json\" class=\"yoast-schema-graph\">{\"@context\":\"https:\/\/schema.org\",\"@graph\":[{\"@type\":\"WebPage\",\"@id\":\"https:\/\/audreycyr.com\/me-contacter\/\",\"url\":\"https:\/\/audreycyr.com\/me-contacter\/\",\"name\":\"Contact - Audrey Cyr - RE\/MAX Qu\u00e9bec\",\"isPartOf\":{\"@id\":\"https:\/\/audreycyr.com\/#website\"},\"datePublished\":\"2012-05-22T20:45:12+00:00\",\"dateModified\":\"2019-11-06T18:52:25+00:00\",\"description\":\"Courtier immobilier Montr\u00e9al: Ville-Marie, Vieux-Montr\u00e9al, Griffontown, Plateau Mont-Royal, Rosemont et Villeray | Audrey Cyr et Diane Sabourin Pour joindre Audrey Cyr et Diane Sabourin au bureau, voici leurs coordonn\u00e9es : 236 Rue Saint-Jacques, Montr\u00e9al H2Y 1L9 T\u00e9l\u00e9phone : 514-212-6416.\",\"breadcrumb\":{\"@id\":\"https:\/\/audreycyr.com\/me-contacter\/#breadcrumb\"},\"inLanguage\":\"en-US\",\"potentialAction\":[{\"@type\":\"ReadAction\",\"target\":[\"https:\/\/audreycyr.com\/me-contacter\/\"]}]},{\"@type\":\"BreadcrumbList\",\"@id\":\"https:\/\/audreycyr.com\/me-contacter\/#breadcrumb\",\"itemListElement\":[{\"@type\":\"ListItem\",\"position\":1,\"name\":\"Accueil\",\"item\":\"https:\/\/audreycyr.com\/\"},{\"@type\":\"ListItem\",\"position\":2,\"name\":\"Contact\"}]},{\"@type\":\"WebSite\",\"@id\":\"https:\/\/audreycyr.com\/#website\",\"url\":\"https:\/\/audreycyr.com\/\",\"name\":\"Audrey Cyr - RE\/MAX Qu\u00e9bec\",\"description\":\"Real Estate Brokers\",\"potentialAction\":[{\"@type\":\"SearchAction\",\"target\":{\"@type\":\"EntryPoint\",\"urlTemplate\":\"https:\/\/audreycyr.com\/?s={search_term_string}\"},\"query-input\":{\"@type\":\"PropertyValueSpecification\",\"valueRequired\":true,\"valueName\":\"search_term_string\"}}],\"inLanguage\":\"en-US\"}]}<\/script>\n<!-- \/ Yoast SEO plugin. -->","yoast_head_json":{"title":"Contact - Audrey Cyr - RE\/MAX Qu\u00e9bec","description":"Courtier immobilier Montr\u00e9al: Ville-Marie, Vieux-Montr\u00e9al, Griffontown, Plateau Mont-Royal, Rosemont et Villeray | Audrey Cyr et Diane Sabourin Pour joindre Audrey Cyr et Diane Sabourin au bureau, voici leurs coordonn\u00e9es : 236 Rue Saint-Jacques, Montr\u00e9al H2Y 1L9 T\u00e9l\u00e9phone : 514-212-6416.","robots":{"index":"index","follow":"follow","max-snippet":"max-snippet:-1","max-image-preview":"max-image-preview:large","max-video-preview":"max-video-preview:-1"},"canonical":"https:\/\/audreycyr.com\/me-contacter\/","og_locale":"en_US","og_type":"article","og_title":"Contact - Audrey Cyr - RE\/MAX Qu\u00e9bec","og_description":"Courtier immobilier Montr\u00e9al: Ville-Marie, Vieux-Montr\u00e9al, Griffontown, Plateau Mont-Royal, Rosemont et Villeray | Audrey Cyr et Diane Sabourin Pour joindre Audrey Cyr et Diane Sabourin au bureau, voici leurs coordonn\u00e9es : 236 Rue Saint-Jacques, Montr\u00e9al H2Y 1L9 T\u00e9l\u00e9phone : 514-212-6416.","og_url":"https:\/\/audreycyr.com\/me-contacter\/","og_site_name":"Audrey Cyr - RE\/MAX Qu\u00e9bec","article_publisher":"https:\/\/www.facebook.com\/audreycyrdianesabourin\/","article_modified_time":"2019-11-06T18:52:25+00:00","twitter_card":"summary_large_image","schema":{"@context":"https:\/\/schema.org","@graph":[{"@type":"WebPage","@id":"https:\/\/audreycyr.com\/me-contacter\/","url":"https:\/\/audreycyr.com\/me-contacter\/","name":"Contact - Audrey Cyr - RE\/MAX Qu\u00e9bec","isPartOf":{"@id":"https:\/\/audreycyr.com\/#website"},"datePublished":"2012-05-22T20:45:12+00:00","dateModified":"2019-11-06T18:52:25+00:00","description":"Courtier immobilier Montr\u00e9al: Ville-Marie, Vieux-Montr\u00e9al, Griffontown, Plateau Mont-Royal, Rosemont et Villeray | Audrey Cyr et Diane Sabourin Pour joindre Audrey Cyr et Diane Sabourin au bureau, voici leurs coordonn\u00e9es : 236 Rue Saint-Jacques, Montr\u00e9al H2Y 1L9 T\u00e9l\u00e9phone : 514-212-6416.","breadcrumb":{"@id":"https:\/\/audreycyr.com\/me-contacter\/#breadcrumb"},"inLanguage":"en-US","potentialAction":[{"@type":"ReadAction","target":["https:\/\/audreycyr.com\/me-contacter\/"]}]},{"@type":"BreadcrumbList","@id":"https:\/\/audreycyr.com\/me-contacter\/#breadcrumb","itemListElement":[{"@type":"ListItem","position":1,"name":"Accueil","item":"https:\/\/audreycyr.com\/"},{"@type":"ListItem","position":2,"name":"Contact"}]},{"@type":"WebSite","@id":"https:\/\/audreycyr.com\/#website","url":"https:\/\/audreycyr.com\/","name":"Audrey Cyr - RE\/MAX Qu\u00e9bec","description":"Real Estate Brokers","potentialAction":[{"@type":"SearchAction","target":{"@type":"EntryPoint","urlTemplate":"https:\/\/audreycyr.com\/?s={search_term_string}"},"query-input":{"@type":"PropertyValueSpecification","valueRequired":true,"valueName":"search_term_string"}}],"inLanguage":"en-US"}]}},"_links":{"self":[{"href":"https:\/\/audreycyr.com\/en\/wp-json\/wp\/v2\/pages\/34","targetHints":{"allow":["GET"]}}],"collection":[{"href":"https:\/\/audreycyr.com\/en\/wp-json\/wp\/v2\/pages"}],"about":[{"href":"https:\/\/audreycyr.com\/en\/wp-json\/wp\/v2\/types\/page"}],"author":[{"embeddable":true,"href":"https:\/\/audreycyr.com\/en\/wp-json\/wp\/v2\/users\/1"}],"replies":[{"embeddable":true,"href":"https:\/\/audreycyr.com\/en\/wp-json\/wp\/v2\/comments?post=34"}],"version-history":[{"count":0,"href":"https:\/\/audreycyr.com\/en\/wp-json\/wp\/v2\/pages\/34\/revisions"}],"wp:attachment":[{"href":"https:\/\/audreycyr.com\/en\/wp-json\/wp\/v2\/media?parent=34"}],"curies":[{"name":"wp","href":"https:\/\/api.w.org\/{rel}","templated":true}]}}