{"id":86,"date":"2012-05-11T15:50:06","date_gmt":"2012-05-11T15:50:06","guid":{"rendered":"http:\/\/public.mediasimple.ca\/remax_papachristou\/?page_id=86"},"modified":"2012-08-03T15:49:42","modified_gmt":"2012-08-03T19:49:42","slug":"demenagement-a-plus-de-40-km","status":"publish","type":"page","link":"https:\/\/audreycyr.com\/en\/acheter-2\/demenagement-a-plus-de-40-km\/","title":{"rendered":"Moving more than 40 km away?"},"content":{"rendered":"<p><\/p>\n<p>People are increasingly having to move either because of new job opportunities or transfers (whether voluntary or not) to other locations.<\/p>\n<p>If you\u2019re facing a similar situation, you may be thinking about selling your current home and moving closer to your new workplace. And if that\u2019s the case, there may be some great tax breaks you can take advantage of\u2026<\/p>\n<p>For starters, your real estate agent\u2019s commission and all moving expenses may be 100% deductible from any future income earned in your new location. Let\u2019s take a closer look at the rules.<\/p>\n<p>According to federal and provincial tax laws, when a person moves to a new home because he is or will be employed in the new community or will be launching a business there, all eligible moving costs are tax-deductible \u2013 including the real-estate agent\u2019s commission.<\/p>\n<p>This is true as long as the new home \u2013 be it a house, apartment or condo \u2013 brings him at least 40 km closer to his full-time or parttime employment.<\/p>\n<p><\/p>","protected":false},"excerpt":{"rendered":"<p>People are increasingly having to move either because of new job opportunities or transfers (whether voluntary or not) to other locations. If you\u2019re facing a similar situation, you may be thinking about selling your current home and moving closer to your new workplace. And if that\u2019s the case, there may be some great tax breaks [&hellip;]<\/p>\n","protected":false},"author":1,"featured_media":0,"parent":7,"menu_order":0,"comment_status":"open","ping_status":"open","template":"","meta":{"_acf_changed":false,"footnotes":""},"class_list":["post-86","page","type-page","status-publish","hentry"],"acf":[],"yoast_head":"<!-- This site is optimized with the Yoast SEO plugin v26.7 - https:\/\/yoast.com\/wordpress\/plugins\/seo\/ -->\n<title>D\u00e9m\u00e9nagement \u00e0 plus de 40 kmMoving more than 40 km away? - Audrey Cyr - RE\/MAX Qu\u00e9bec<\/title>\n<meta name=\"robots\" content=\"index, follow, max-snippet:-1, max-image-preview:large, max-video-preview:-1\" \/>\n<link rel=\"canonical\" href=\"https:\/\/audreycyr.com\/acheter-2\/demenagement-a-plus-de-40-km\/\" \/>\n<meta property=\"og:locale\" content=\"en_US\" \/>\n<meta property=\"og:type\" content=\"article\" \/>\n<meta property=\"og:title\" content=\"D\u00e9m\u00e9nagement \u00e0 plus de 40 kmMoving more than 40 km away? - Audrey Cyr - RE\/MAX Qu\u00e9bec\" \/>\n<meta property=\"og:description\" content=\"People are increasingly having to move either because of new job opportunities or transfers (whether voluntary or not) to other locations. If you\u2019re facing a similar situation, you may be thinking about selling your current home and moving closer to your new workplace. And if that\u2019s the case, there may be some great tax breaks [&hellip;]\" \/>\n<meta property=\"og:url\" content=\"https:\/\/audreycyr.com\/acheter-2\/demenagement-a-plus-de-40-km\/\" \/>\n<meta property=\"og:site_name\" content=\"Audrey Cyr - RE\/MAX Qu\u00e9bec\" \/>\n<meta property=\"article:publisher\" content=\"https:\/\/www.facebook.com\/audreycyrdianesabourin\/\" \/>\n<meta property=\"article:modified_time\" content=\"2012-08-03T19:49:42+00:00\" \/>\n<meta name=\"twitter:card\" content=\"summary_large_image\" \/>\n<meta name=\"twitter:label1\" content=\"Est. reading time\" \/>\n\t<meta name=\"twitter:data1\" content=\"2 minutes\" \/>\n<script type=\"application\/ld+json\" class=\"yoast-schema-graph\">{\"@context\":\"https:\/\/schema.org\",\"@graph\":[{\"@type\":\"WebPage\",\"@id\":\"https:\/\/audreycyr.com\/acheter-2\/demenagement-a-plus-de-40-km\/\",\"url\":\"https:\/\/audreycyr.com\/acheter-2\/demenagement-a-plus-de-40-km\/\",\"name\":\"D\u00e9m\u00e9nagement \u00e0 plus de 40 kmMoving more than 40 km away? - Audrey Cyr - RE\/MAX Qu\u00e9bec\",\"isPartOf\":{\"@id\":\"https:\/\/audreycyr.com\/en\/#website\"},\"datePublished\":\"2012-05-11T15:50:06+00:00\",\"dateModified\":\"2012-08-03T19:49:42+00:00\",\"breadcrumb\":{\"@id\":\"https:\/\/audreycyr.com\/acheter-2\/demenagement-a-plus-de-40-km\/#breadcrumb\"},\"inLanguage\":\"en-US\",\"potentialAction\":[{\"@type\":\"ReadAction\",\"target\":[\"https:\/\/audreycyr.com\/acheter-2\/demenagement-a-plus-de-40-km\/\"]}]},{\"@type\":\"BreadcrumbList\",\"@id\":\"https:\/\/audreycyr.com\/acheter-2\/demenagement-a-plus-de-40-km\/#breadcrumb\",\"itemListElement\":[{\"@type\":\"ListItem\",\"position\":1,\"name\":\"Accueil\",\"item\":\"https:\/\/audreycyr.com\/en\/\"},{\"@type\":\"ListItem\",\"position\":2,\"name\":\"Buy\",\"item\":\"https:\/\/audreycyr.com\/en\/acheter-2\/\"},{\"@type\":\"ListItem\",\"position\":3,\"name\":\"D\u00e9m\u00e9nagement \u00e0 plus de 40 km\"}]},{\"@type\":\"WebSite\",\"@id\":\"https:\/\/audreycyr.com\/en\/#website\",\"url\":\"https:\/\/audreycyr.com\/en\/\",\"name\":\"Audrey Cyr - RE\/MAX Qu\u00e9bec\",\"description\":\"Real Estate Brokers\",\"potentialAction\":[{\"@type\":\"SearchAction\",\"target\":{\"@type\":\"EntryPoint\",\"urlTemplate\":\"https:\/\/audreycyr.com\/en\/?s={search_term_string}\"},\"query-input\":{\"@type\":\"PropertyValueSpecification\",\"valueRequired\":true,\"valueName\":\"search_term_string\"}}],\"inLanguage\":\"en-US\"}]}<\/script>\n<!-- \/ Yoast SEO plugin. -->","yoast_head_json":{"title":"D\u00e9m\u00e9nagement \u00e0 plus de 40 kmMoving more than 40 km away? - Audrey Cyr - RE\/MAX Qu\u00e9bec","robots":{"index":"index","follow":"follow","max-snippet":"max-snippet:-1","max-image-preview":"max-image-preview:large","max-video-preview":"max-video-preview:-1"},"canonical":"https:\/\/audreycyr.com\/acheter-2\/demenagement-a-plus-de-40-km\/","og_locale":"en_US","og_type":"article","og_title":"D\u00e9m\u00e9nagement \u00e0 plus de 40 kmMoving more than 40 km away? - Audrey Cyr - RE\/MAX Qu\u00e9bec","og_description":"People are increasingly having to move either because of new job opportunities or transfers (whether voluntary or not) to other locations. If you\u2019re facing a similar situation, you may be thinking about selling your current home and moving closer to your new workplace. And if that\u2019s the case, there may be some great tax breaks [&hellip;]","og_url":"https:\/\/audreycyr.com\/acheter-2\/demenagement-a-plus-de-40-km\/","og_site_name":"Audrey Cyr - RE\/MAX Qu\u00e9bec","article_publisher":"https:\/\/www.facebook.com\/audreycyrdianesabourin\/","article_modified_time":"2012-08-03T19:49:42+00:00","twitter_card":"summary_large_image","twitter_misc":{"Est. reading time":"2 minutes"},"schema":{"@context":"https:\/\/schema.org","@graph":[{"@type":"WebPage","@id":"https:\/\/audreycyr.com\/acheter-2\/demenagement-a-plus-de-40-km\/","url":"https:\/\/audreycyr.com\/acheter-2\/demenagement-a-plus-de-40-km\/","name":"D\u00e9m\u00e9nagement \u00e0 plus de 40 kmMoving more than 40 km away? - Audrey Cyr - RE\/MAX Qu\u00e9bec","isPartOf":{"@id":"https:\/\/audreycyr.com\/en\/#website"},"datePublished":"2012-05-11T15:50:06+00:00","dateModified":"2012-08-03T19:49:42+00:00","breadcrumb":{"@id":"https:\/\/audreycyr.com\/acheter-2\/demenagement-a-plus-de-40-km\/#breadcrumb"},"inLanguage":"en-US","potentialAction":[{"@type":"ReadAction","target":["https:\/\/audreycyr.com\/acheter-2\/demenagement-a-plus-de-40-km\/"]}]},{"@type":"BreadcrumbList","@id":"https:\/\/audreycyr.com\/acheter-2\/demenagement-a-plus-de-40-km\/#breadcrumb","itemListElement":[{"@type":"ListItem","position":1,"name":"Accueil","item":"https:\/\/audreycyr.com\/en\/"},{"@type":"ListItem","position":2,"name":"Buy","item":"https:\/\/audreycyr.com\/en\/acheter-2\/"},{"@type":"ListItem","position":3,"name":"D\u00e9m\u00e9nagement \u00e0 plus de 40 km"}]},{"@type":"WebSite","@id":"https:\/\/audreycyr.com\/en\/#website","url":"https:\/\/audreycyr.com\/en\/","name":"Audrey Cyr - RE\/MAX Qu\u00e9bec","description":"Real Estate Brokers","potentialAction":[{"@type":"SearchAction","target":{"@type":"EntryPoint","urlTemplate":"https:\/\/audreycyr.com\/en\/?s={search_term_string}"},"query-input":{"@type":"PropertyValueSpecification","valueRequired":true,"valueName":"search_term_string"}}],"inLanguage":"en-US"}]}},"_links":{"self":[{"href":"https:\/\/audreycyr.com\/en\/wp-json\/wp\/v2\/pages\/86","targetHints":{"allow":["GET"]}}],"collection":[{"href":"https:\/\/audreycyr.com\/en\/wp-json\/wp\/v2\/pages"}],"about":[{"href":"https:\/\/audreycyr.com\/en\/wp-json\/wp\/v2\/types\/page"}],"author":[{"embeddable":true,"href":"https:\/\/audreycyr.com\/en\/wp-json\/wp\/v2\/users\/1"}],"replies":[{"embeddable":true,"href":"https:\/\/audreycyr.com\/en\/wp-json\/wp\/v2\/comments?post=86"}],"version-history":[{"count":0,"href":"https:\/\/audreycyr.com\/en\/wp-json\/wp\/v2\/pages\/86\/revisions"}],"up":[{"embeddable":true,"href":"https:\/\/audreycyr.com\/en\/wp-json\/wp\/v2\/pages\/7"}],"wp:attachment":[{"href":"https:\/\/audreycyr.com\/en\/wp-json\/wp\/v2\/media?parent=86"}],"curies":[{"name":"wp","href":"https:\/\/api.w.org\/{rel}","templated":true}]}}