{"id":95,"date":"2012-05-11T18:27:36","date_gmt":"2012-05-11T18:27:36","guid":{"rendered":"http:\/\/public.mediasimple.ca\/remax_papachristou\/?page_id=95"},"modified":"2012-08-03T15:51:57","modified_gmt":"2012-08-03T19:51:57","slug":"le-regime-daccession-a-la-propriete","status":"publish","type":"page","link":"https:\/\/audreycyr.com\/en\/acheter-2\/le-regime-daccession-a-la-propriete\/","title":{"rendered":"First Time Buyers Plan"},"content":{"rendered":"<p><\/p>\n<h3>The best real estate program to help you become a homeowner!<\/h3>\n<p>The Home Buyers\u2019 Plan (HBP) is a government program which allows first-time home buyers like you to gain financial autonomy. You can become happy homeowners while at the same time building a retirement fund within a Registered Retirement Savings Plan (RRSP). A double advantage!<\/p>\n<h3>The best real estate program to help you become a homeowner!<\/h3>\n<p>The Home Buyers\u2019 Plan (HBP) is a government program which allows first-time home buyers like you to gain financial autonomy. You can become happy homeowners while at the same time building a retirement fund within a Registered Retirement Savings Plan (RRSP). A double advantage!<\/p>\n<h3>Is the HBP right for me? Of course!<\/h3>\n<p>And what\u2019s more, while you\u2019re fulfilling your dream of owning a home, you\u2019ll also be getting income tax refunds worth thousands of dollars. For spouses who work, these refunds can be between $10,000 and $21,000, which is quite sufficient to purchase your first home. The HBP allows each taxpayer to withdraw up to $20,000, tax-free, from their Registered Retirement Savings Plan (RRSP) to purchase a home.<\/p>","protected":false},"excerpt":{"rendered":"<p>The best real estate program to help you become a homeowner! The Home Buyers\u2019 Plan (HBP) is a government program which allows first-time home buyers like you to gain financial autonomy. You can become happy homeowners while at the same time building a retirement fund within a Registered Retirement Savings Plan (RRSP). A double advantage! [&hellip;]<\/p>\n","protected":false},"author":1,"featured_media":0,"parent":7,"menu_order":0,"comment_status":"open","ping_status":"open","template":"","meta":{"_acf_changed":false,"footnotes":""},"class_list":["post-95","page","type-page","status-publish","hentry"],"acf":[],"yoast_head":"<!-- This site is optimized with the Yoast SEO plugin v26.7 - https:\/\/yoast.com\/wordpress\/plugins\/seo\/ -->\n<title>Le R\u00e9gime d\u2019accession \u00e0 la propri\u00e9t\u00e9First Time Buyers Plan  - Audrey Cyr - RE\/MAX Qu\u00e9bec<\/title>\n<meta name=\"robots\" content=\"index, follow, max-snippet:-1, max-image-preview:large, max-video-preview:-1\" \/>\n<link rel=\"canonical\" href=\"https:\/\/audreycyr.com\/en\/acheter-2\/le-regime-daccession-a-la-propriete\/\" \/>\n<meta property=\"og:locale\" content=\"en_US\" \/>\n<meta property=\"og:type\" content=\"article\" \/>\n<meta property=\"og:title\" content=\"Le R\u00e9gime d\u2019accession \u00e0 la propri\u00e9t\u00e9First Time Buyers Plan  - Audrey Cyr - RE\/MAX Qu\u00e9bec\" \/>\n<meta property=\"og:description\" content=\"The best real estate program to help you become a homeowner! The Home Buyers\u2019 Plan (HBP) is a government program which allows first-time home buyers like you to gain financial autonomy. You can become happy homeowners while at the same time building a retirement fund within a Registered Retirement Savings Plan (RRSP). A double advantage! [&hellip;]\" \/>\n<meta property=\"og:url\" content=\"https:\/\/audreycyr.com\/en\/acheter-2\/le-regime-daccession-a-la-propriete\/\" \/>\n<meta property=\"og:site_name\" content=\"Audrey Cyr - RE\/MAX Qu\u00e9bec\" \/>\n<meta property=\"article:publisher\" content=\"https:\/\/www.facebook.com\/audreycyrdianesabourin\/\" \/>\n<meta property=\"article:modified_time\" content=\"2012-08-03T19:51:57+00:00\" \/>\n<meta name=\"twitter:card\" content=\"summary_large_image\" \/>\n<meta name=\"twitter:label1\" content=\"Est. reading time\" \/>\n\t<meta name=\"twitter:data1\" content=\"3 minutes\" \/>\n<script type=\"application\/ld+json\" class=\"yoast-schema-graph\">{\"@context\":\"https:\/\/schema.org\",\"@graph\":[{\"@type\":\"WebPage\",\"@id\":\"https:\/\/audreycyr.com\/en\/acheter-2\/le-regime-daccession-a-la-propriete\/\",\"url\":\"https:\/\/audreycyr.com\/en\/acheter-2\/le-regime-daccession-a-la-propriete\/\",\"name\":\"Le R\u00e9gime d\u2019accession \u00e0 la propri\u00e9t\u00e9First Time Buyers Plan - Audrey Cyr - RE\/MAX Qu\u00e9bec\",\"isPartOf\":{\"@id\":\"https:\/\/audreycyr.com\/en\/#website\"},\"datePublished\":\"2012-05-11T18:27:36+00:00\",\"dateModified\":\"2012-08-03T19:51:57+00:00\",\"breadcrumb\":{\"@id\":\"https:\/\/audreycyr.com\/en\/acheter-2\/le-regime-daccession-a-la-propriete\/#breadcrumb\"},\"inLanguage\":\"en-US\",\"potentialAction\":[{\"@type\":\"ReadAction\",\"target\":[\"https:\/\/audreycyr.com\/en\/acheter-2\/le-regime-daccession-a-la-propriete\/\"]}]},{\"@type\":\"BreadcrumbList\",\"@id\":\"https:\/\/audreycyr.com\/en\/acheter-2\/le-regime-daccession-a-la-propriete\/#breadcrumb\",\"itemListElement\":[{\"@type\":\"ListItem\",\"position\":1,\"name\":\"Accueil\",\"item\":\"https:\/\/audreycyr.com\/en\/\"},{\"@type\":\"ListItem\",\"position\":2,\"name\":\"Buy\",\"item\":\"https:\/\/audreycyr.com\/en\/acheter-2\/\"},{\"@type\":\"ListItem\",\"position\":3,\"name\":\"First Time Buyers Plan\"}]},{\"@type\":\"WebSite\",\"@id\":\"https:\/\/audreycyr.com\/en\/#website\",\"url\":\"https:\/\/audreycyr.com\/en\/\",\"name\":\"Audrey Cyr - RE\/MAX Qu\u00e9bec\",\"description\":\"Real Estate Brokers\",\"potentialAction\":[{\"@type\":\"SearchAction\",\"target\":{\"@type\":\"EntryPoint\",\"urlTemplate\":\"https:\/\/audreycyr.com\/en\/?s={search_term_string}\"},\"query-input\":{\"@type\":\"PropertyValueSpecification\",\"valueRequired\":true,\"valueName\":\"search_term_string\"}}],\"inLanguage\":\"en-US\"}]}<\/script>\n<!-- \/ Yoast SEO plugin. -->","yoast_head_json":{"title":"Le R\u00e9gime d\u2019accession \u00e0 la propri\u00e9t\u00e9First Time Buyers Plan  - Audrey Cyr - RE\/MAX Qu\u00e9bec","robots":{"index":"index","follow":"follow","max-snippet":"max-snippet:-1","max-image-preview":"max-image-preview:large","max-video-preview":"max-video-preview:-1"},"canonical":"https:\/\/audreycyr.com\/en\/acheter-2\/le-regime-daccession-a-la-propriete\/","og_locale":"en_US","og_type":"article","og_title":"Le R\u00e9gime d\u2019accession \u00e0 la propri\u00e9t\u00e9First Time Buyers Plan  - Audrey Cyr - RE\/MAX Qu\u00e9bec","og_description":"The best real estate program to help you become a homeowner! The Home Buyers\u2019 Plan (HBP) is a government program which allows first-time home buyers like you to gain financial autonomy. You can become happy homeowners while at the same time building a retirement fund within a Registered Retirement Savings Plan (RRSP). A double advantage! [&hellip;]","og_url":"https:\/\/audreycyr.com\/en\/acheter-2\/le-regime-daccession-a-la-propriete\/","og_site_name":"Audrey Cyr - RE\/MAX Qu\u00e9bec","article_publisher":"https:\/\/www.facebook.com\/audreycyrdianesabourin\/","article_modified_time":"2012-08-03T19:51:57+00:00","twitter_card":"summary_large_image","twitter_misc":{"Est. reading time":"3 minutes"},"schema":{"@context":"https:\/\/schema.org","@graph":[{"@type":"WebPage","@id":"https:\/\/audreycyr.com\/en\/acheter-2\/le-regime-daccession-a-la-propriete\/","url":"https:\/\/audreycyr.com\/en\/acheter-2\/le-regime-daccession-a-la-propriete\/","name":"Le R\u00e9gime d\u2019accession \u00e0 la propri\u00e9t\u00e9First Time Buyers Plan - Audrey Cyr - RE\/MAX Qu\u00e9bec","isPartOf":{"@id":"https:\/\/audreycyr.com\/en\/#website"},"datePublished":"2012-05-11T18:27:36+00:00","dateModified":"2012-08-03T19:51:57+00:00","breadcrumb":{"@id":"https:\/\/audreycyr.com\/en\/acheter-2\/le-regime-daccession-a-la-propriete\/#breadcrumb"},"inLanguage":"en-US","potentialAction":[{"@type":"ReadAction","target":["https:\/\/audreycyr.com\/en\/acheter-2\/le-regime-daccession-a-la-propriete\/"]}]},{"@type":"BreadcrumbList","@id":"https:\/\/audreycyr.com\/en\/acheter-2\/le-regime-daccession-a-la-propriete\/#breadcrumb","itemListElement":[{"@type":"ListItem","position":1,"name":"Accueil","item":"https:\/\/audreycyr.com\/en\/"},{"@type":"ListItem","position":2,"name":"Buy","item":"https:\/\/audreycyr.com\/en\/acheter-2\/"},{"@type":"ListItem","position":3,"name":"First Time Buyers Plan"}]},{"@type":"WebSite","@id":"https:\/\/audreycyr.com\/en\/#website","url":"https:\/\/audreycyr.com\/en\/","name":"Audrey Cyr - RE\/MAX Qu\u00e9bec","description":"Real Estate Brokers","potentialAction":[{"@type":"SearchAction","target":{"@type":"EntryPoint","urlTemplate":"https:\/\/audreycyr.com\/en\/?s={search_term_string}"},"query-input":{"@type":"PropertyValueSpecification","valueRequired":true,"valueName":"search_term_string"}}],"inLanguage":"en-US"}]}},"_links":{"self":[{"href":"https:\/\/audreycyr.com\/en\/wp-json\/wp\/v2\/pages\/95","targetHints":{"allow":["GET"]}}],"collection":[{"href":"https:\/\/audreycyr.com\/en\/wp-json\/wp\/v2\/pages"}],"about":[{"href":"https:\/\/audreycyr.com\/en\/wp-json\/wp\/v2\/types\/page"}],"author":[{"embeddable":true,"href":"https:\/\/audreycyr.com\/en\/wp-json\/wp\/v2\/users\/1"}],"replies":[{"embeddable":true,"href":"https:\/\/audreycyr.com\/en\/wp-json\/wp\/v2\/comments?post=95"}],"version-history":[{"count":0,"href":"https:\/\/audreycyr.com\/en\/wp-json\/wp\/v2\/pages\/95\/revisions"}],"up":[{"embeddable":true,"href":"https:\/\/audreycyr.com\/en\/wp-json\/wp\/v2\/pages\/7"}],"wp:attachment":[{"href":"https:\/\/audreycyr.com\/en\/wp-json\/wp\/v2\/media?parent=95"}],"curies":[{"name":"wp","href":"https:\/\/api.w.org\/{rel}","templated":true}]}}